{"id":233,"date":"2026-03-18T00:08:00","date_gmt":"2026-03-18T00:08:00","guid":{"rendered":"https:\/\/triangle-gestion.com\/?page_id=233"},"modified":"2026-03-18T00:35:11","modified_gmt":"2026-03-18T00:35:11","slug":"mentions-legales","status":"publish","type":"page","link":"https:\/\/triangle-gestion.com\/?page_id=233","title":{"rendered":"Mentions l\u00e9gales"},"content":{"rendered":"\n<p><strong>TRIANGLE GESTION<\/strong><\/p>\n\n\n\n<ul class=\"wp-block-list\">\n<li><strong>Forme juridique :<\/strong> SASU, soci\u00e9t\u00e9 par actions simplifi\u00e9e unipersonnelle<\/li>\n\n\n\n<li><strong>Capital social :<\/strong> 1 000,00 \u20ac<\/li>\n\n\n\n<li><strong>Adresse : <\/strong>2 RUE JEAN DE LA FONTAINE, 30100 ALES<\/li>\n\n\n\n<li><strong>Email : <\/strong>contact@triangle-gestion.com<\/li>\n\n\n\n<li><strong>Telephone:<\/strong> 07 56 97 71 97<\/li>\n\n\n\n<li><strong>Pr\u00e9sident :<\/strong> France Joris<\/li>\n\n\n\n<li><strong>SIREN :<\/strong> 825 166 721<\/li>\n\n\n\n<li><strong>SIRET (si\u00e8ge) :<\/strong> 825 166 721 00027<\/li>\n\n\n\n<li><strong>Num\u00e9ro de TVA : <\/strong>FR35825166721<\/li>\n\n\n\n<li><strong>Num\u00e9ro RCS :<\/strong> 825 166 721 R.C.S. Nimes<\/li>\n<\/ul>\n\n\n\n<hr class=\"wp-block-separator has-alpha-channel-opacity\"\/>\n\n\n\n<p>Directeur de la publication<\/p>\n\n\n\n<p>France Joris, Pr\u00e9sident<\/p>\n\n\n\n<hr class=\"wp-block-separator has-alpha-channel-opacity\"\/>\n\n\n\n<p>D\u00e9claration CNIL<\/p>\n\n\n\n<p>Ce site est conforme au R\u00e8glement G\u00e9n\u00e9ral sur la Protection des Donn\u00e9es (RGPD) et aux dispositions de la loi Informatique et Libert\u00e9s du 6 janvier 1978 modifi\u00e9e, au titre de la collecte de donn\u00e9es personnelles que nous r\u00e9alisons dans le cadre de l\u2019utilisation de notre site par les visiteurs.<\/p>\n\n\n\n<hr class=\"wp-block-separator has-alpha-channel-opacity\"\/>\n\n\n\n<p>Conception et r\u00e9alisation du site internet<\/p>\n\n\n\n<p><strong>TRIANGLE GESTION<\/strong><\/p>\n\n\n\n<hr class=\"wp-block-separator has-alpha-channel-opacity\"\/>\n\n\n\n<p>Propri\u00e9t\u00e9 intellectuelle<\/p>\n\n\n\n<p>Toute utilisation non autoris\u00e9e de tout ou partie des marques, mod\u00e8les, logos, droits d\u2019auteur et autres droits de propri\u00e9t\u00e9 intellectuelle ou industrielle utilis\u00e9s sur le site TRIANGLE GESTION est susceptible de donner lieu \u00e0 des poursuites judiciaires.<\/p>\n\n\n\n<p>Toutefois, les liaisons de type hypertexte vers le site sont autoris\u00e9es sans demande sp\u00e9cifique.<\/p>\n\n\n\n<p>Toute information concernant la soci\u00e9t\u00e9 TRIANGLE GESTION, de quelque nature que ce soit, se trouvant sur Internet en dehors du pr\u00e9sent site, aura \u00e9t\u00e9 transmise sans autorisation, ni contr\u00f4le, et ne saurait donc engager la responsabilit\u00e9 de la soci\u00e9t\u00e9 Eco Thermie.<\/p>\n\n\n\n<hr class=\"wp-block-separator has-alpha-channel-opacity\"\/>\n\n\n\n<p>Limitation de responsabilit\u00e9<\/p>\n\n\n\n<p>En d\u00e9pit des efforts et du soin apport\u00e9s par TRIANGLE GESTION pour assurer l\u2019exactitude et la mise \u00e0 jour des informations r\u00e9unies sur le site, des erreurs, omissions ou inexactitudes peuvent exister. Eco Thermie ne saurait en cons\u00e9quence voir sa responsabilit\u00e9 engag\u00e9e pour tout pr\u00e9judice, direct ou indirect, r\u00e9sultant de l\u2019utilisation des informations sur le site ou par toute erreur ou omission dans son contenu.<\/p>\n\n\n\n<p>TRIANGLE GESTION ne saurait \u00eatre tenue pour responsable du contenu des sites vers lesquels pointent, \u00e0 titre d\u2019information ou de partenariat, les liens hypertextes pr\u00e9sents sur le site.<\/p>\n\n\n\n<hr class=\"wp-block-separator has-alpha-channel-opacity\"\/>\n\n\n\n<p>Donn\u00e9es personnelles<\/p>\n\n\n\n<p>Le renseignement des informations nominatives collect\u00e9es aux fins de la vente \u00e0 distance est obligatoire, ces informations \u00e9tant indispensables pour le traitement et l\u2019acheminement des commandes, et l\u2019\u00e9tablissement des factures. Le d\u00e9faut de renseignement entra\u00eene la non-validation de la commande.<\/p>\n\n\n\n<p>Conform\u00e9ment \u00e0 la loi \u00ab Informatique et Libert\u00e9s \u00bb du 6 janvier 1978 modifi\u00e9e et au R\u00e8glement G\u00e9n\u00e9ral sur la Protection des Donn\u00e9es (RGPD), le traitement des informations nominatives relatives aux clients du site a \u00e9t\u00e9 r\u00e9alis\u00e9 dans le respect de la r\u00e9glementation en vigueur.<\/p>\n\n\n\n<p>En application des dispositions de la loi du 6 janvier 1978 relative \u00e0 l\u2019informatique, aux fichiers et aux libert\u00e9s, ainsi que du RGPD, le client dispose d\u2019un droit d\u2019acc\u00e8s, de modification, de rectification, de suppression, de limitation, d\u2019opposition et de portabilit\u00e9 des donn\u00e9es qui le concernent, qu\u2019il peut exercer directement aupr\u00e8s de TRIANGLE GESTION aux coordonn\u00e9es figur\u00e9es ci-dessus.<\/p>\n\n\n\n<p>De plus, TRIANGLE GESTION s\u2019engage \u00e0 ne pas communiquer, gratuitement ou avec contrepartie, les coordonn\u00e9es de ses clients \u00e0 des tiers, sauf obligation l\u00e9gale ou avec le consentement expr\u00e8s du client.<\/p>\n\n\n\n<hr class=\"wp-block-separator has-alpha-channel-opacity\"\/>\n\n\n\n<p>Cookies<\/p>\n\n\n\n<p>Le site TRIANGLE GESTION utilise des cookies pour am\u00e9liorer l\u2019exp\u00e9rience utilisateur et r\u00e9aliser des statistiques de visite. Vous pouvez \u00e0 tout moment modifier vos pr\u00e9f\u00e9rences concernant les cookies depuis les param\u00e8tres de votre navigateur.<\/p>\n\n\n\n<hr class=\"wp-block-separator has-alpha-channel-opacity\"\/>\n\n\n\n<p><em>Derni\u00e8re mise \u00e0 jour : 17\/11\/2025<\/em><\/p>\n","protected":false},"excerpt":{"rendered":"<p>TRIANGLE GESTION Directeur de la publication France Joris, Pr\u00e9sident D\u00e9claration CNIL Ce site est conforme au R\u00e8glement G\u00e9n\u00e9ral sur la Protection des Donn\u00e9es (RGPD) et aux dispositions de la loi Informatique et Libert\u00e9s du 6 janvier 1978 modifi\u00e9e, au titre de la collecte de donn\u00e9es personnelles que nous r\u00e9alisons dans le cadre de l\u2019utilisation de . . . <\/p>\n","protected":false},"author":1,"featured_media":0,"parent":0,"menu_order":0,"comment_status":"closed","ping_status":"closed","template":"","meta":{"inline_featured_image":false,"footnotes":""},"class_list":["post-233","page","type-page","status-publish","hentry"],"_links":{"self":[{"href":"https:\/\/triangle-gestion.com\/index.php?rest_route=\/wp\/v2\/pages\/233","targetHints":{"allow":["GET"]}}],"collection":[{"href":"https:\/\/triangle-gestion.com\/index.php?rest_route=\/wp\/v2\/pages"}],"about":[{"href":"https:\/\/triangle-gestion.com\/index.php?rest_route=\/wp\/v2\/types\/page"}],"author":[{"embeddable":true,"href":"https:\/\/triangle-gestion.com\/index.php?rest_route=\/wp\/v2\/users\/1"}],"replies":[{"embeddable":true,"href":"https:\/\/triangle-gestion.com\/index.php?rest_route=%2Fwp%2Fv2%2Fcomments&post=233"}],"version-history":[{"count":2,"href":"https:\/\/triangle-gestion.com\/index.php?rest_route=\/wp\/v2\/pages\/233\/revisions"}],"predecessor-version":[{"id":257,"href":"https:\/\/triangle-gestion.com\/index.php?rest_route=\/wp\/v2\/pages\/233\/revisions\/257"}],"wp:attachment":[{"href":"https:\/\/triangle-gestion.com\/index.php?rest_route=%2Fwp%2Fv2%2Fmedia&parent=233"}],"curies":[{"name":"wp","href":"https:\/\/api.w.org\/{rel}","templated":true}]}}